{"id":34,"date":"2017-08-23T22:09:16","date_gmt":"2017-08-23T20:09:16","guid":{"rendered":"http:\/\/www.ieep.cz\/?page_id=34"},"modified":"2026-03-25T09:36:59","modified_gmt":"2026-03-25T08:36:59","slug":"priroda-a-eko-systemove-sluzby","status":"publish","type":"page","link":"https:\/\/www.ieep.cz\/en\/priroda-a-eko-systemove-sluzby\/","title":{"rendered":"Nature and Ecosystem Services"},"content":{"rendered":"<p>More<\/a><\/p><\/div><\/section><section class=\"post-wrapper\"><div class=\"post-cnt column-text\"><h3>OKliBio: Fruit Landscapes for Climate Protection and Biodiversity<\/h3><p>\n\n\n\n\n\n\nProtection of meadow orchards and fruit tree alleys supporting biodiversity, the cultural heritage of our landscape, old varieties, and the sustainable development of agricultural landscapes.&nbsp;<a href=\"https:\/\/www.ieep.cz\/en\/oklibio-ovocna-krajina-pro-klimatickou-zmenu-a-biodiversitu\/\" class=\"link-more\">&nbsp;More<\/a><\/p><\/div><\/section><section class=\"post-wrapper\"><div class=\"post-cnt column-text\"><h3>ReBioClim: REstoring urban streams to promote BIOdiversity, CLIMate adaptation and to improve quality of life in cities<\/h3><p>\n\n\n\n\n\n\nSupporting cities in planning restoration of small streams that will improve the quality of life of residents, increase biodiversity and contribute to climate change adaptation&nbsp;<a href=\"https:\/\/www.ieep.cz\/en\/rebioclim-restoring-urban-streams-to-promote-biodiversity-climate-adaptation-and-to-improve-quality-of-life-in-cities\/\" class=\"link-more\">&nbsp;More<\/a><\/p><\/div><\/section><section class=\"post-wrapper\"><div class=\"post-cnt column-text\"><h3>Climate_CRICES: Increasing Climate Change Resilience in Central Europe<\/h3><p>\n\n\n\n\n\n\nSupporting cities and regions in Central Europe to develop and implement climate change adaptation strategies&nbsp;<a href=\"https:\/\/www.ieep.cz\/en\/climate_crices-increasing-climate-change-resilience-in-central-europe\/\" class=\"link-more\">&nbsp;More<\/a><\/p><\/div><\/section><section class=\"post-wrapper\"><div class=\"post-cnt column-text\"><h3>System of environmental-technical optimization of spatial parameters of agricultural land in the context of permanent efficient management<\/h3><p>How to design an appropriate internal layout of agricultural land taking into account the ecosystem services provided.\u00a0&nbsp;<a href=\"https:\/\/www.ieep.cz\/en\/system-environmentalne-technickych-optimalizaci-prostorovych-parametru-zemedelskych-pozemku-v-kontextu-setrvaleho-efektivniho-hospodareni\/\" class=\"link-more\">&nbsp;More<\/a><\/p><\/div><\/section><section class=\"post-wrapper\"><div class=\"post-cnt column-text\"><h3>SpongeBoost: Upscalling the natural sponge functions of freshwater ecosystems to deliver multi- benefit green deal solutions<\/h3><p>How to support sponge functions of freshwater ecosystems in the form of wetlands and other nature-based solutions&nbsp;<a href=\"https:\/\/www.ieep.cz\/en\/spongeboost-upscalling-the-natural-sponge-functions-of-freshwater-ecosystems-to-deliver-multi-benefit-green-deal-solutions\/\" class=\"link-more\">&nbsp;More<\/a><\/p><\/div><\/section><section class=\"post-wrapper\"><div class=\"post-cnt column-text\"><h3>Assessment of organic and conventional agriculture in terms of their impacts on ecosystem services to support strategic and decision-making processes<\/h3><p>Comparison of the impact of conventional and organic farming on the provision of ecosystem services and formulation of arguments for adjusting the setting of support for organic farming.&nbsp;<a href=\"https:\/\/www.ieep.cz\/en\/hodnoceni-ekologickeho-a-konvencniho-zemedelstvi-z-pohledu-jejich-dopadu-na-ekosystemove-sluzby-pro-podporu-strategickych-a-rozhodovacich-procesu\/\" class=\"link-more\">&nbsp;More<\/a><\/p><\/div><\/section><section class=\"post-wrapper\"><div class=\"post-cnt column-text\"><h3>FOREST-AGRICULTURE-WATER NEXUS: Bilateral Workshops for Supporting Tools for Ecosystem Services Governance<\/h3><p>Czech-Norwegian bilateral workshops on the use of floodplain forest buffer zones for improving water quality and reducing soil erosion.&nbsp;<a href=\"https:\/\/www.ieep.cz\/en\/les-zemedelstvi-a-voda-ve-vzajemnych-vazbach-bilateralni-workshopy\/\" class=\"link-more\">&nbsp;More<\/a><\/p><\/div><\/section><section class=\"post-wrapper\"><div class=\"post-cnt column-text\"><h3>Improving society\u2019s resilience to effects of crisis by increasing food self-sufficiency<\/h3><p>Promotion of establishment of urban community gardens (CG) to mitigate economic and social impacts of crises.&nbsp;<a href=\"https:\/\/www.ieep.cz\/en\/potravsos-potravinova-sobestacnost\/\" class=\"link-more\">&nbsp;More<\/a><\/p><\/div><\/section><section class=\"post-wrapper\"><div class=\"post-cnt column-text\"><h3>WATER IN THE CITY: Blue and Green Infrastructure Interdisciplinary<\/h3><p>Development of interdisciplinary tools to support management of rainwater in municipalities.&nbsp;<a href=\"https:\/\/www.ieep.cz\/en\/voda-ve-meste-modra-a-zelena-infrastruktura-mezioborove\/\" class=\"link-more\">&nbsp;More<\/a><\/p><\/div><\/section><section class=\"post-wrapper\"><div class=\"post-cnt column-text\"><h3>Development of methods of economic evaluation of green and blue infrastructure in urban areas<\/h3><p>Development of a tool and SMART method for economic evaluation.&nbsp;<a href=\"https:\/\/www.ieep.cz\/en\/rozvoj-metod-ekonomickeho-hodnoceni-zelene-a-modre-infrastruktury-v-lidskych-sidlech\/\" class=\"link-more\">&nbsp;More<\/a><\/p><\/div><\/section><section class=\"post-wrapper\"><div class=\"post-cnt column-text\"><h3>BIDELIN: Values of Ecosystem Services, Biodiversity and Blue-green Infrastructures in Cities, Exemplified by Dresden, Liberec and D\u011b\u010d\u00edn<\/h3><p>\n\n\n\n\n\n\n\n\nDetecting, quantifying and evaluating the ecosystem services in the cities Dresden, Liberec and D\u011b\u010d\u00edn.&nbsp;<a href=\"https:\/\/www.ieep.cz\/en\/bidelin-hodnoty-ekosystemovych-sluzeb-biodiverzity-a-zeleno-modre-infrastruktury-ve-mestech-na-prikladu-drazdan-liberce-a-decina\/\" class=\"link-more\">&nbsp;More<\/a><\/p><\/div><\/section><section class=\"post-wrapper\"><div class=\"post-cnt column-text\"><h3>Economic Support for Strategic and Decision-making Processes at the National and Regional Level, Leading to Sustainable Energy use of Agricultural Biomass, while Respecting Food Self-sufficiency and Soil Conservation<\/h3><p>Economic assessment of measares for sustainable use of biomass.&nbsp;<a href=\"https:\/\/www.ieep.cz\/en\/ekonomicka-podpora-strategickych-a-rozhodovacich-procesu-na-narodni-i-regionalni-urovni-vedouci-k-optimalnimu-vyuziti-obnovitelnych-zdroju-energie-predevsim-pak-biomasy-pri-respektovani-potravinove\/\" class=\"link-more\">&nbsp;More<\/a><\/p><\/div><\/section><section class=\"post-wrapper\"><div class=\"post-cnt column-text\"><h3>Supporting Development of Adaptation Measures and Strategies in Cities<\/h3><p>Supporting the climate change adaptation of cities Prague, Brno, Plzen and Ust\u00ed nad Labem by promotion of nature-based solutions.&nbsp;<a href=\"https:\/\/www.ieep.cz\/en\/podpora-rozvoje-adaptacnich-opatreni-a-strategii-ve-mestech\/\" class=\"link-more\">&nbsp;More<\/a><\/p><\/div><\/section><section class=\"post-wrapper\"><div class=\"post-cnt column-text\"><h3>UrbanAdapt: Development of Urban Adaptation Strategies Using Ecosystem-based Approaches to Adaptation<\/h3><p>Supporting the climate change adaptation strategies development of Prague, Brno and Pilsen with respect to the potential of green and blue infrastructure enlargement.&nbsp;<a href=\"https:\/\/www.ieep.cz\/en\/urbanadapt-rozvoj-strategii-prizpusobeni-se-zmene-klimatu-v-podminkach-mest-s-vyuzitim-ekosystemove-zalozenych-pristupu-k-adaptacim\/\" class=\"link-more\">&nbsp;More<\/a><\/p><\/div><\/section><section class=\"post-wrapper\"><div class=\"post-cnt column-text\"><h3>Regional Value Chains in the Context of Ecosystem Services and Biodiversity<\/h3><p>Pilot use of the concept of ecosystem services to support business enterprise at regional level and to optimize their impact on the environment.&nbsp;<a href=\"https:\/\/www.ieep.cz\/en\/regionalni-retezce-tvorby-hodnot-v-kontextu-ekosystemovych-sluzeb-a-biodiverzity-priklad-cesko-polsko-saske-projektove-spoluprace\/\" class=\"link-more\">&nbsp;More<\/a><\/p><\/div><\/section><section class=\"post-wrapper\"><div class=\"post-cnt column-text\"><h3>Biodiversity, Ecosystem Services and Regional Value Chains<\/h3><p>Analysis of existing experience with the use of the concept of ecosystem services in the academic and political spheres in the Czech Republic.&nbsp;<a href=\"https:\/\/www.ieep.cz\/en\/biodiverzita-ekosystemove-sluzby-a-regionalni-retezce-tvorby-hodnoty\/\" class=\"link-more\">&nbsp;More<\/a><\/p><\/div><\/section><section class=\"post-wrapper\"><div class=\"post-cnt column-text\"><h3>ESOM: Valuable Nature in the Eastern Ore Mountains<\/h3><p>Valuation of recreational benefits provided by the Eastern Ore Mountains landscape that lead to the welfare increase of local residents and visitors.&nbsp;<a href=\"https:\/\/www.ieep.cz\/en\/esom-hodnotna-priroda-vychodniho-krusnohori\/\" class=\"link-more\">&nbsp;More<\/a><\/p><\/div><\/section><\/p>\n<p style=\"text-align: justify;\"><span style=\"font-size: 14pt;\">Ecosystem services approach is dynamic evolving field that helps to better understand the importance of the nature for the human society. This approach is focused on the benefit identification resulting from biological variety of well-functioning ecosystems and simultaneously on methods of how to take these benefits into consideration in the decision-making processes of the market economy. Ecosystem services represent the frame for practical solutions of environmental problems that results from excessive use of natural resources.<\/span><\/p>\n<p style=\"text-align: justify;\">IEEP aims at the interdisciplinary linkage between the natural resource use and the providing of ecosystem services. Important part is the valuation and payments for ecosystem services. Emphasis is put on linking theoretical knowledge of economics, regional studies and law.<\/p>\n<p style=\"text-align: justify;\">\n<h2>Projects<\/h2>\n<section class=\"post-wrapper\"><div class=\"post-cnt column-text\"><h3>Summer School on Urban River Restoration 2026<\/h3><p>&nbsp;<a href=\"https:\/\/www.ieep.cz\/en\/english-summer-school-on-urban-river-restoration-2026\/\" class=\"link-more\">&nbsp;More<\/a><\/p><\/div><\/section><section class=\"post-wrapper\"><div class=\"post-cnt column-text\"><h3>OKliBio: Fruit Landscapes for Climate Protection and Biodiversity<\/h3><p>\n\n\n\n\n\n\nProtection of meadow orchards and fruit tree alleys supporting biodiversity, the cultural heritage of our landscape, old varieties, and the sustainable development of agricultural landscapes.&nbsp;<a href=\"https:\/\/www.ieep.cz\/en\/oklibio-ovocna-krajina-pro-klimatickou-zmenu-a-biodiversitu\/\" class=\"link-more\">&nbsp;More<\/a><\/p><\/div><\/section><section class=\"post-wrapper\"><div class=\"post-cnt column-text\"><h3>ReBioClim: REstoring urban streams to promote BIOdiversity, CLIMate adaptation and to improve quality of life in cities<\/h3><p>\n\n\n\n\n\n\nSupporting cities in planning restoration of small streams that will improve the quality of life of residents, increase biodiversity and contribute to climate change adaptation&nbsp;<a href=\"https:\/\/www.ieep.cz\/en\/rebioclim-restoring-urban-streams-to-promote-biodiversity-climate-adaptation-and-to-improve-quality-of-life-in-cities\/\" class=\"link-more\">&nbsp;More<\/a><\/p><\/div><\/section><section class=\"post-wrapper\"><div class=\"post-cnt column-text\"><h3>Climate_CRICES: Increasing Climate Change Resilience in Central Europe<\/h3><p>\n\n\n\n\n\n\nSupporting cities and regions in Central Europe to develop and implement climate change adaptation strategies&nbsp;<a href=\"https:\/\/www.ieep.cz\/en\/climate_crices-increasing-climate-change-resilience-in-central-europe\/\" class=\"link-more\">&nbsp;More<\/a><\/p><\/div><\/section><section class=\"post-wrapper\"><div class=\"post-cnt column-text\"><h3>System of environmental-technical optimization of spatial parameters of agricultural land in the context of permanent efficient management<\/h3><p>How to design an appropriate internal layout of agricultural land taking into account the ecosystem services provided.\u00a0&nbsp;<a href=\"https:\/\/www.ieep.cz\/en\/system-environmentalne-technickych-optimalizaci-prostorovych-parametru-zemedelskych-pozemku-v-kontextu-setrvaleho-efektivniho-hospodareni\/\" class=\"link-more\">&nbsp;More<\/a><\/p><\/div><\/section><section class=\"post-wrapper\"><div class=\"post-cnt column-text\"><h3>SpongeBoost: Upscalling the natural sponge functions of freshwater ecosystems to deliver multi- benefit green deal solutions<\/h3><p>How to support sponge functions of freshwater ecosystems in the form of wetlands and other nature-based solutions&nbsp;<a href=\"https:\/\/www.ieep.cz\/en\/spongeboost-upscalling-the-natural-sponge-functions-of-freshwater-ecosystems-to-deliver-multi-benefit-green-deal-solutions\/\" class=\"link-more\">&nbsp;More<\/a><\/p><\/div><\/section><section class=\"post-wrapper\"><div class=\"post-cnt column-text\"><h3>Assessment of organic and conventional agriculture in terms of their impacts on ecosystem services to support strategic and decision-making processes<\/h3><p>Comparison of the impact of conventional and organic farming on the provision of ecosystem services and formulation of arguments for adjusting the setting of support for organic farming.&nbsp;<a href=\"https:\/\/www.ieep.cz\/en\/hodnoceni-ekologickeho-a-konvencniho-zemedelstvi-z-pohledu-jejich-dopadu-na-ekosystemove-sluzby-pro-podporu-strategickych-a-rozhodovacich-procesu\/\" class=\"link-more\">&nbsp;More<\/a><\/p><\/div><\/section><section class=\"post-wrapper\"><div class=\"post-cnt column-text\"><h3>FOREST-AGRICULTURE-WATER NEXUS: Bilateral Workshops for Supporting Tools for Ecosystem Services Governance<\/h3><p>Czech-Norwegian bilateral workshops on the use of floodplain forest buffer zones for improving water quality and reducing soil erosion.&nbsp;<a href=\"https:\/\/www.ieep.cz\/en\/les-zemedelstvi-a-voda-ve-vzajemnych-vazbach-bilateralni-workshopy\/\" class=\"link-more\">&nbsp;More<\/a><\/p><\/div><\/section><section class=\"post-wrapper\"><div class=\"post-cnt column-text\"><h3>Improving society\u2019s resilience to effects of crisis by increasing food self-sufficiency<\/h3><p>Promotion of establishment of urban community gardens (CG) to mitigate economic and social impacts of crises.&nbsp;<a href=\"https:\/\/www.ieep.cz\/en\/potravsos-potravinova-sobestacnost\/\" class=\"link-more\">&nbsp;More<\/a><\/p><\/div><\/section><section class=\"post-wrapper\"><div class=\"post-cnt column-text\"><h3>WATER IN THE CITY: Blue and Green Infrastructure Interdisciplinary<\/h3><p>Development of interdisciplinary tools to support management of rainwater in municipalities.&nbsp;<a href=\"https:\/\/www.ieep.cz\/en\/voda-ve-meste-modra-a-zelena-infrastruktura-mezioborove\/\" class=\"link-more\">&nbsp;More<\/a><\/p><\/div><\/section><section class=\"post-wrapper\"><div class=\"post-cnt column-text\"><h3>Development of methods of economic evaluation of green and blue infrastructure in urban areas<\/h3><p>Development of a tool and SMART method for economic evaluation.&nbsp;<a href=\"https:\/\/www.ieep.cz\/en\/rozvoj-metod-ekonomickeho-hodnoceni-zelene-a-modre-infrastruktury-v-lidskych-sidlech\/\" class=\"link-more\">&nbsp;More<\/a><\/p><\/div><\/section><section class=\"post-wrapper\"><div class=\"post-cnt column-text\"><h3>BIDELIN: Values of Ecosystem Services, Biodiversity and Blue-green Infrastructures in Cities, Exemplified by Dresden, Liberec and D\u011b\u010d\u00edn<\/h3><p>\n\n\n\n\n\n\n\n\nDetecting, quantifying and evaluating the ecosystem services in the cities Dresden, Liberec and D\u011b\u010d\u00edn.&nbsp;<a href=\"https:\/\/www.ieep.cz\/en\/bidelin-hodnoty-ekosystemovych-sluzeb-biodiverzity-a-zeleno-modre-infrastruktury-ve-mestech-na-prikladu-drazdan-liberce-a-decina\/\" class=\"link-more\">&nbsp;More<\/a><\/p><\/div><\/section><section class=\"post-wrapper\"><div class=\"post-cnt column-text\"><h3>Economic Support for Strategic and Decision-making Processes at the National and Regional Level, Leading to Sustainable Energy use of Agricultural Biomass, while Respecting Food Self-sufficiency and Soil Conservation<\/h3><p>Economic assessment of measares for sustainable use of biomass.&nbsp;<a href=\"https:\/\/www.ieep.cz\/en\/ekonomicka-podpora-strategickych-a-rozhodovacich-procesu-na-narodni-i-regionalni-urovni-vedouci-k-optimalnimu-vyuziti-obnovitelnych-zdroju-energie-predevsim-pak-biomasy-pri-respektovani-potravinove\/\" class=\"link-more\">&nbsp;More<\/a><\/p><\/div><\/section><section class=\"post-wrapper\"><div class=\"post-cnt column-text\"><h3>Supporting Development of Adaptation Measures and Strategies in Cities<\/h3><p>Supporting the climate change adaptation of cities Prague, Brno, Plzen and Ust\u00ed nad Labem by promotion of nature-based solutions.&nbsp;<a href=\"https:\/\/www.ieep.cz\/en\/podpora-rozvoje-adaptacnich-opatreni-a-strategii-ve-mestech\/\" class=\"link-more\">&nbsp;More<\/a><\/p><\/div><\/section><section class=\"post-wrapper\"><div class=\"post-cnt column-text\"><h3>UrbanAdapt: Development of Urban Adaptation Strategies Using Ecosystem-based Approaches to Adaptation<\/h3><p>Supporting the climate change adaptation strategies development of Prague, Brno and Pilsen with respect to the potential of green and blue infrastructure enlargement.&nbsp;<a href=\"https:\/\/www.ieep.cz\/en\/urbanadapt-rozvoj-strategii-prizpusobeni-se-zmene-klimatu-v-podminkach-mest-s-vyuzitim-ekosystemove-zalozenych-pristupu-k-adaptacim\/\" class=\"link-more\">&nbsp;More<\/a><\/p><\/div><\/section><section class=\"post-wrapper\"><div class=\"post-cnt column-text\"><h3>Regional Value Chains in the Context of Ecosystem Services and Biodiversity<\/h3><p>Pilot use of the concept of ecosystem services to support business enterprise at regional level and to optimize their impact on the environment.&nbsp;<a href=\"https:\/\/www.ieep.cz\/en\/regionalni-retezce-tvorby-hodnot-v-kontextu-ekosystemovych-sluzeb-a-biodiverzity-priklad-cesko-polsko-saske-projektove-spoluprace\/\" class=\"link-more\">&nbsp;More<\/a><\/p><\/div><\/section><section class=\"post-wrapper\"><div class=\"post-cnt column-text\"><h3>Biodiversity, Ecosystem Services and Regional Value Chains<\/h3><p>Analysis of existing experience with the use of the concept of ecosystem services in the academic and political spheres in the Czech Republic.&nbsp;<a href=\"https:\/\/www.ieep.cz\/en\/biodiverzita-ekosystemove-sluzby-a-regionalni-retezce-tvorby-hodnoty\/\" class=\"link-more\">&nbsp;More<\/a><\/p><\/div><\/section><section class=\"post-wrapper\"><div class=\"post-cnt column-text\"><h3>ESOM: Valuable Nature in the Eastern Ore Mountains<\/h3><p>Valuation of recreational benefits provided by the Eastern Ore Mountains landscape that lead to the welfare increase of local residents and visitors.&nbsp;<a href=\"https:\/\/www.ieep.cz\/en\/esom-hodnotna-priroda-vychodniho-krusnohori\/\" class=\"link-more\">&nbsp;More<\/a><\/p><\/div><\/section>\n<p>&nbsp;<\/p>\n<p>&nbsp;<\/p>","protected":false},"excerpt":{"rendered":"<p>Ecosystem services approach is dynamic evolving field that helps to better understand the importance of the nature for the human society. This approach is focused on the benefit identification resulting from biological variety of well-functioning ecosystems and simultaneously on methods of how to take these benefits into consideration in the decision-making processes of the market [&hellip;]<\/p>\n","protected":false},"author":1,"featured_media":71,"parent":0,"menu_order":0,"comment_status":"closed","ping_status":"closed","template":"","meta":{"_monsterinsights_skip_tracking":false,"_monsterinsights_sitenote_active":false,"_monsterinsights_sitenote_note":"","_monsterinsights_sitenote_category":0,"footnotes":""},"_links":{"self":[{"href":"https:\/\/www.ieep.cz\/en\/wp-json\/wp\/v2\/pages\/34"}],"collection":[{"href":"https:\/\/www.ieep.cz\/en\/wp-json\/wp\/v2\/pages"}],"about":[{"href":"https:\/\/www.ieep.cz\/en\/wp-json\/wp\/v2\/types\/page"}],"author":[{"embeddable":true,"href":"https:\/\/www.ieep.cz\/en\/wp-json\/wp\/v2\/users\/1"}],"replies":[{"embeddable":true,"href":"https:\/\/www.ieep.cz\/en\/wp-json\/wp\/v2\/comments?post=34"}],"version-history":[{"count":16,"href":"https:\/\/www.ieep.cz\/en\/wp-json\/wp\/v2\/pages\/34\/revisions"}],"predecessor-version":[{"id":3595,"href":"https:\/\/www.ieep.cz\/en\/wp-json\/wp\/v2\/pages\/34\/revisions\/3595"}],"wp:featuredmedia":[{"embeddable":true,"href":"https:\/\/www.ieep.cz\/en\/wp-json\/wp\/v2\/media\/71"}],"wp:attachment":[{"href":"https:\/\/www.ieep.cz\/en\/wp-json\/wp\/v2\/media?parent=34"}],"curies":[{"name":"wp","href":"https:\/\/api.w.org\/{rel}","templated":true}]}}