{"id":2742,"date":"2023-10-04T09:36:18","date_gmt":"2023-10-04T07:36:18","guid":{"rendered":"https:\/\/www.ieep.cz\/?page_id=2742"},"modified":"2026-03-25T09:34:07","modified_gmt":"2026-03-25T08:34:07","slug":"tym","status":"publish","type":"page","link":"https:\/\/www.ieep.cz\/en\/tym\/","title":{"rendered":"Our Team"},"content":{"rendered":"<p><\/p>\n<p style=\"text-align: justify;\"><span style=\"font-size: 12pt; font-family: georgia, palatino, serif;\"><strong>Dr. Ji\u0159\u00ed Louda \u00a0<\/strong>(Louda(at)ieep(dot).cz)<\/span><\/p>\n<p style=\"text-align: justify;\"><span style=\"font-size: 12pt; font-family: georgia, palatino, serif;\"><em>Director<\/em><\/span><\/p>\n<p style=\"text-align: justify;\"><span style=\"font-size: 12pt; font-family: georgia, palatino, serif;\">Ji\u0159\u00ed Louda has been cooperating with IEEP since 2006. He is a researcher and project manager of national and international scientific as well as application projects which are focused mainly on the blue and green infrastructure and the concept of ecosystem services and its use for climate adaptation of settlements and (urban) landscapes. He also deals with issues of energy. <a href=\"http:\/\/www.e-academia.eu\/en\/competence-teams\/121-water-and-nature\/team\/217-jiri-louda-en-nature\"><strong>More<\/strong><\/a><\/span><\/p>\n<p>&nbsp;<\/p>\n<p style=\"text-align: justify;\"><span style=\"font-size: 12pt; font-family: georgia, palatino, serif;\"><strong>Dr. Hana Br\u016fhov\u00e1 Folt\u00fdnov\u00e1 \u00a0<\/strong>(Hana.Bruhova-Foltynova(at)<wbr \/>ujep(dot)cz)<\/span><\/p>\n<p style=\"text-align: justify;\"><span style=\"font-size: 12pt; font-family: georgia, palatino, serif;\"><em>Deputy director<\/em><\/span><\/p>\n<p style=\"text-align: justify;\"><span style=\"font-size: 12pt; font-family: georgia, palatino, serif;\">Hana Br\u016fhov\u00e1 Folt\u00fdnov\u00e1 works as a senior researcher at the Faculty of Social and Economic Studies of Jan Evangelista Purkyne University in Usti nad Labem. She is concerned in sustainable urban mobility, above all in economic and environmental impacts of transport regulation, sustainable transport policies and measures and their monitoring and evaluation, and active transport support. <a href=\"http:\/\/www.ieep.cz\/wp-content\/uploads\/2017\/08\/Europass-CV-Br\u016fhov\u00e1Folt\u00fdnov\u00e1-EN_UJEP_20190320-5.pdf\"><strong>More<\/strong><\/a><\/span><\/p>\n<p>&nbsp;<\/p>\n<p style=\"text-align: justify;\"><span style=\"font-size: 12pt; font-family: georgia, palatino, serif;\"><strong>Assoc. Prof. Jan Slav\u00edk \u00a0<\/strong>(Jan.Slavik(at)ujep(dot)cz)<\/span><\/p>\n<p style=\"text-align: justify;\"><span style=\"font-size: 12pt; font-family: georgia, palatino, serif;\">Jan Slavik is the research project coordinator. His long term interest is in environmental policy instruments and their application within the area of waste management. He also deal with the public service provision effectiveness and the inter-municipal cooperation. He has been cooperating with IEEP since 2001. Since 2023 he has been Vice-Rector for Science and Research at the university. <strong><a href=\"http:\/\/www.e-academia.eu\/en\/competence-teams\/106-odpadove-hospodarstvi\/team\/215-jan-slavik-en\">More<\/a><\/strong><\/span><\/p>\n<p>&nbsp;<\/p>\n<p style=\"text-align: justify;\"><span style=\"font-size: 12pt; font-family: georgia, palatino, serif;\"><strong>Assoc. Prof. Lenka Slav\u00edkov\u00e1 \u00a0 <\/strong>(Slavikova(at)ieep(dot)cz)<\/span><\/p>\n<p style=\"text-align: justify;\"><span style=\"font-size: 12pt; font-family: georgia, palatino, serif;\">Lenka Slavikova is the institutional economist, project coordinator and the university teacher at the Faculty of Social and Economic Studies of the Jan Evangelista Purkyne University in Usti nad Labem. Her long-term interest is in water and biodiversity governance with the focus on Central and Eastern European Countries. She has been cooperating with IEEP since 2001. <a href=\"http:\/\/www.e-academia.eu\/en\/competence-teams\/121-voda-a-povodne\/team\/74-lenka-slavikova-en\"><strong>More<\/strong><\/a><\/span><\/p>\n<p>&nbsp;<\/p>\n<p style=\"text-align: justify;\"><span style=\"font-size: 12pt; font-family: georgia, palatino, serif;\"><strong>Dr. Jan Brabec \u00a0 <\/strong>(Brabec(at)ieep(dot)cz )<\/span><\/p>\n<p style=\"text-align: justify;\"><span style=\"font-size: 12pt; font-family: georgia, palatino, serif;\">Jan Brabec applies economic tools to environmental problems when solving scientific projects. He focuses on quantitative research in the field of economic evaluation of green and blue infrastructure, energy, air pollution and water management.<strong> <a href=\"http:\/\/www.e-academia.eu\/cz\/kompetencni-tymy\/61-ovzdusi-a-energetika\/tym\/295-brabec-jan-cz\">More<\/a><\/strong><\/span><\/p>\n<p>&nbsp;<\/p>\n<p style=\"text-align: justify;\"><span style=\"font-size: 12pt; font-family: georgia, palatino, serif;\"><strong>Dr. Jan Mach\u00e1\u010d \u00a0 <\/strong>(Machac(at)ieep(dot)cz)<\/span><\/p>\n<p style=\"text-align: justify;\"><span style=\"font-size: 12pt; font-family: georgia, palatino, serif;\">Jan Mach\u00e1\u010d is the environmental economist, project coordinator and the university teacher at the Faculty of Social and Economic Studies of the Jan Evangelista Purkyne University in Usti nad Labem. He has a long-standing interest in the economic issues of blue-green infrastructure, climate change adaptation and water management and in the concept of ecosystem services and regulatory impact assessment. He uses and develops a wide range of economic methods and tools applied in the field environment. <strong><a href=\"http:\/\/www.e-academia.eu\/en\/competence-teams\/85-metody-evaluace-a-ria\/team\/77-jan-machac-en\">More<\/a><\/strong><\/span><\/p>\n<p>&nbsp;<\/p>\n<p style=\"text-align: justify;\"><span style=\"font-size: 12pt; font-family: georgia, palatino, serif;\"><strong>Dr. Krist\u00fdna Rybov\u00e1 \u00a0<\/strong> (Rybova(at)ieep(dot)cz)<\/span><\/p>\n<p style=\"text-align: justify;\"><span style=\"font-size: 12pt; font-family: georgia, palatino, serif;\">Kristyna Rybova is the project manager specialized in cross-border cooperation projects. She focuses on demographic changes impacts on regional development and public service provision. <strong><a href=\"http:\/\/www.e-academia.eu\/en\/competence-teams\/106-odpadove-hospodarstvi\/team\/216-kristyna-rybova-en\">More<\/a><\/strong><\/span><\/p>\n<p>&nbsp;<\/p>\n<p style=\"text-align: justify;\"><span style=\"font-family: georgia, palatino, serif; font-size: 12pt;\"><strong>Dr. Martin \u0160pa\u010dek \u00a0 <\/strong>(Spacek(at)ieep(dot)cz)<\/span><\/p>\n<p style=\"text-align: justify;\"><span style=\"font-family: georgia, palatino, serif; font-size: 12pt;\">I have been extensively involved in regional development with a focus on social innovation, cross-sectoral collaboration at the local level with implications for the environmental domain (ecosystem services, climate change adaptation), and evaluations of public expenditure programs. I have contributed to several international research projects in these areas. <strong><a href=\"https:\/\/www.e-academia.eu\/cz\/kompetencni-tymy\/42-metody-evaluace-a-ria\/tym\/43-martin-spacek-cz\">More<\/a><\/strong><\/span><\/p>\n<p>&nbsp;<\/p>\n<p style=\"text-align: justify;\"><span style=\"font-size: 12pt; font-family: georgia, palatino, serif;\"><strong>Dr. Lenka Dubov\u00e1 \u00a0<\/strong> (Dubova(at)ieep(dot)cz)<\/span><\/p>\n<p style=\"text-align: justify;\"><span style=\"font-size: 12pt; font-family: georgia, palatino, serif;\">Lenka Dubov\u00e1 works as a researcher and university lecturer at the Faculty of Social and Economic Studies at the J. E. Purkyn\u011b University in \u00dast\u00ed nad Labem. She successfully completed <\/span><span style=\"font-size: 12pt; font-family: georgia, palatino, serif;\">her doctoral studies on the topic of improving the quality of life of urban inhabitants through green and blue infrastructure elements. She is focused on the economic and social aspects of community gardens and the valuation of ecosystem services not only in urban areas.<strong> <a href=\"https:\/\/www.e-academia.eu\/en\/competence-teams\/121-water-and-nature\/team\/73-lenka-dubova-en\">More<\/a><\/strong><\/span><\/p>\n<p>&nbsp;<\/p>\n<p><span style=\"font-size: 12pt; font-family: georgia, palatino, serif;\"><strong>Dr. Marek Hekrle<\/strong>\u00a0 \u00a0(Hekrle(at)ieep(dot)cz)<\/span><\/p>\n<p><span style=\"font-family: georgia, palatino, serif; font-size: 12pt;\">Marek Hekrle is a researcher involved in scientific research projects in the field of environmental economics at the Faculty of Socio-Economics at the University of J. E. Purkyn\u011b in \u00dast\u00ed nad Labem.<span class=\"Apple-converted-space\">\u00a0<\/span>His research primarily focuses on topics related to the valuation of benefits and costs associated with the implementation of nature-based measures in both urban and rural environments. <strong><a href=\"https:\/\/www.e-academia.eu\/cz\/kompetencni-tymy\/73-voda-a-priroda\/tym\/365-marek-hekrle-cz\">More<\/a><\/strong><\/span><\/p>\n<p>&nbsp;<\/p>\n<p style=\"text-align: justify;\"><span style=\"font-size: 12pt; font-family: georgia, palatino, serif;\"><strong>Lenka Za\u0148kov\u00e1 \u00a0 <\/strong>(Zankova(at)ieep(dot)cz)<\/span><\/p>\n<p style=\"text-align: justify;\"><span style=\"font-size: 12pt; font-family: georgia, palatino, serif;\">Lenka Za\u0148kov\u00e1 works as a researcher of scientific projects. She focuses on landscape sustainability, specifically on impact assessment of climate change adaptation and mitigation. <strong><a href=\"http:\/\/www.e-academia.eu\/en\/competence-teams\/109-ovzdusi-a-energetika\/team\/301-lenka-zankova-en\">More<\/a><\/strong><\/span><\/p>\n<p>&nbsp;<\/p>\n<p style=\"font-weight: 400;\"><span style=\"font-family: georgia, palatino, serif; font-size: 12pt;\"><strong>Bc. \u0160t\u011bp\u00e1nka Truhl\u00e1\u0159ov\u00e1<\/strong> (truhlarov(at)ieep.cz)<\/span><\/p>\n<p style=\"font-weight: 400; text-align: justify;\"><span style=\"font-family: georgia, palatino, serif; font-size: 12pt;\">\u0160t\u011bp\u00e1nka Truhl\u00e1\u0159ov\u00e1 is a master\u2019s student in Public Sector Economics and Management at Jan Evangelista Purkyn\u011b University in \u00dast\u00ed nad Labem. She works as a project assistant at the Institute for Economic and Environmental Policy (IEEP, UJEP-FSE) and at IREAS, the Institute for Structural Policy, o.p.s. Her work primarily involves assisting with projects that examine people\u2019s attitudes toward responsible environmental behavior or supporting the implementation of adaptation measures in urban areas.<\/span><\/p>\n<p>&nbsp;<\/p>\n<p><span style=\"font-family: georgia, palatino, serif; font-size: 12pt;\"><strong>Bc. Nat\u00e1lie Brej\u0161kov\u00e1<\/strong>\u00a0 \u00a0(nat.brejskova(at)gmail(dot)com)<\/span><\/p>\n<p><span style=\"font-family: georgia, palatino, serif; font-size: 12pt;\"><em>Secretary<\/em><\/span><\/p>\n<p style=\"text-align: justify;\"><span style=\"font-family: georgia, palatino, serif; font-size: 12pt;\">Nat\u00e1lie Brej\u0161kov\u00e1 holds the position of a secretary at IEEP. Simultaneously, she\u00a0is a master\u2019s student in Public Sector Economics and Management at Jan Evangelista Purkyn\u011b University in \u00dast\u00ed nad Labem.<\/span><\/p>\n<p>&nbsp;<\/p>\n<p style=\"text-align: justify;\"><span style=\"font-size: 12pt; font-family: georgia, palatino, serif;\">Scientific Board<\/span><\/p>\n<p style=\"text-align: justify;\"><span style=\"font-size: 12pt; font-family: georgia, palatino, serif;\"><strong><a href=\"https:\/\/www.natur.cuni.cz\/geography\/department-of-social-geography-and-regional-development\/kveton1\">Assoc. Prof. Viktor Kv\u011bto\u0148 <\/a>(<\/strong>Department of Social Geography and Regional Development, Faculty of Science, Charles University)<\/span><\/p>\n<p style=\"text-align: justify;\"><span style=\"font-size: 12pt; font-family: georgia, palatino, serif;\"><strong><a href=\"https:\/\/www.fse.ujep.cz\/en\/ing-jan-machac-ph-d\/\">Dr. \u00a0Jan Mach\u00e1\u010d<\/a><\/strong> (Department of Economics and Management, Faculty of Social and Economic Studies, Jan Evangelista Purkyn\u011b University in \u00dast\u00ed nad Labem)<\/span><\/p>\n<p style=\"text-align: justify;\"><span style=\"font-size: 12pt; font-family: georgia, palatino, serif;\"><a href=\"https:\/\/kreg.vse.cz\/prof-ing-martin-pelucha-ph-d\/\"><strong>Prof. Martin P\u011blucha<\/strong><\/a> (Department of Regional Studies, \u00a0Faculty of Economics, University of Economics in Prague and Department of Regional Management and Law, Faculty of Economics, University of South Bohemia in \u010cesk\u00e9 Bud\u011bjovice)<\/span><\/p>\n<p style=\"text-align: justify;\"><span style=\"font-size: 12pt; font-family: georgia, palatino, serif;\"><a href=\"https:\/\/www.fse.ujep.cz\/cs\/doc-ing-lenka-slavikova-ph-d\/\"><strong>Assoc. Prof. <\/strong><strong>Lenka Slav\u00edkov\u00e1<\/strong><\/a> (Department of Regional Development and Public Administration, Faculty of Social and Economic Studies, Jan Evangelista Purkyn\u011b University in \u00dast\u00ed nad Labem)<\/span><\/p>\n<p style=\"text-align: justify;\"><span style=\"font-size: 12pt; font-family: georgia, palatino, serif;\"><a href=\"https:\/\/iss.fsv.cuni.cz\/en\/contacts\/people\/31659316\"><strong>Assoc. Prof. <\/strong><strong>Eli\u0161ka Vejchodsk\u00e1<\/strong><\/a> (Institut sociologick\u00fdch studi\u00ed, Fakulta soci\u00e1ln\u00edch v\u011bd, Univerzita Karlova)<\/span><\/p>\n<p><\/p>","protected":false},"excerpt":{"rendered":"<p>Dr. Ji\u0159\u00ed Louda \u00a0(Louda(at)ieep(dot).cz) Director Ji\u0159\u00ed Louda has been cooperating with IEEP since 2006. He is a researcher and project manager of national and international scientific as well as application projects which are focused mainly on the blue and green infrastructure and the concept of ecosystem services and its use for climate adaptation of settlements [&hellip;]<\/p>\n","protected":false},"author":5,"featured_media":1029,"parent":0,"menu_order":0,"comment_status":"closed","ping_status":"closed","template":"","meta":{"_monsterinsights_skip_tracking":false,"_monsterinsights_sitenote_active":false,"_monsterinsights_sitenote_note":"","_monsterinsights_sitenote_category":0,"footnotes":""},"_links":{"self":[{"href":"https:\/\/www.ieep.cz\/en\/wp-json\/wp\/v2\/pages\/2742"}],"collection":[{"href":"https:\/\/www.ieep.cz\/en\/wp-json\/wp\/v2\/pages"}],"about":[{"href":"https:\/\/www.ieep.cz\/en\/wp-json\/wp\/v2\/types\/page"}],"author":[{"embeddable":true,"href":"https:\/\/www.ieep.cz\/en\/wp-json\/wp\/v2\/users\/5"}],"replies":[{"embeddable":true,"href":"https:\/\/www.ieep.cz\/en\/wp-json\/wp\/v2\/comments?post=2742"}],"version-history":[{"count":71,"href":"https:\/\/www.ieep.cz\/en\/wp-json\/wp\/v2\/pages\/2742\/revisions"}],"predecessor-version":[{"id":3593,"href":"https:\/\/www.ieep.cz\/en\/wp-json\/wp\/v2\/pages\/2742\/revisions\/3593"}],"wp:featuredmedia":[{"embeddable":true,"href":"https:\/\/www.ieep.cz\/en\/wp-json\/wp\/v2\/media\/1029"}],"wp:attachment":[{"href":"https:\/\/www.ieep.cz\/en\/wp-json\/wp\/v2\/media?parent=2742"}],"curies":[{"name":"wp","href":"https:\/\/api.w.org\/{rel}","templated":true}]}}