{"id":15,"date":"2017-08-10T22:59:11","date_gmt":"2017-08-10T20:59:11","guid":{"rendered":"http:\/\/www.ieep.cz\/?page_id=15"},"modified":"2021-06-02T20:24:34","modified_gmt":"2021-06-02T18:24:34","slug":"kontakt","status":"publish","type":"page","link":"https:\/\/www.ieep.cz\/en\/kontakt\/","title":{"rendered":"Contact"},"content":{"rendered":"<p><a href=\"http:\/\/www.ieep.cz\/na-schodech\/\"><img fetchpriority=\"high\" decoding=\"async\" class=\"alignnone wp-image-2264 size-large\" src=\"https:\/\/www.ieep.cz\/wp-content\/uploads\/2017\/08\/Foto-50-orez-1024x529.jpg\" alt=\"\" width=\"1024\" height=\"529\" srcset=\"https:\/\/www.ieep.cz\/wp-content\/uploads\/2017\/08\/Foto-50-orez-1024x529.jpg 1024w, https:\/\/www.ieep.cz\/wp-content\/uploads\/2017\/08\/Foto-50-orez-300x155.jpg 300w, https:\/\/www.ieep.cz\/wp-content\/uploads\/2017\/08\/Foto-50-orez-768x396.jpg 768w, https:\/\/www.ieep.cz\/wp-content\/uploads\/2017\/08\/Foto-50-orez-24x12.jpg 24w, https:\/\/www.ieep.cz\/wp-content\/uploads\/2017\/08\/Foto-50-orez-36x19.jpg 36w, https:\/\/www.ieep.cz\/wp-content\/uploads\/2017\/08\/Foto-50-orez-48x25.jpg 48w, https:\/\/www.ieep.cz\/wp-content\/uploads\/2017\/08\/Foto-50-orez.jpg 2048w\" sizes=\"(max-width: 1024px) 100vw, 1024px\" \/><\/a><\/p>\n<p><span style=\"font-size: 14pt;\"><strong>Institute for Economic and Environmental Policy<\/strong><\/span><\/p>\n<p><span style=\"font-size: 14pt;\">Faculty of Social and Economic Studies<\/span><br \/>\n<span style=\"font-size: 14pt;\"> J. E. Purkyne University in Usti n<\/span><span style=\"font-size: 14pt;\">ad Labem<\/span><br \/>\n<span style=\"font-size: 14pt;\"> Moskevsk\u00e1 54<\/span><br \/>\n<span style=\"font-size: 14pt;\"> 400 96 \u00dast\u00ed nad Labem<\/span><br \/>\n<span style=\"font-size: 14pt;\"> Czech Republic<\/span><\/p>\n<p><span style=\"font-size: 14pt;\"><strong>e-mail:<\/strong> ieep (at) ieep.cz<\/span><br \/>\n<span style=\"font-size: 14pt;\"> <strong>tel.:<\/strong> +420 475 284 708<\/span><\/p>","protected":false},"excerpt":{"rendered":"<p>Institute for Economic and Environmental Policy Faculty of Social and Economic Studies J. E. Purkyne University in Usti nad Labem Moskevsk\u00e1 54 400 96 \u00dast\u00ed nad Labem Czech Republic e-mail: ieep (at) ieep.cz tel.: +420 475 284 708<\/p>\n","protected":false},"author":1,"featured_media":0,"parent":0,"menu_order":0,"comment_status":"closed","ping_status":"closed","template":"","meta":{"_monsterinsights_skip_tracking":false,"_monsterinsights_sitenote_active":false,"_monsterinsights_sitenote_note":"","_monsterinsights_sitenote_category":0,"footnotes":""},"_links":{"self":[{"href":"https:\/\/www.ieep.cz\/en\/wp-json\/wp\/v2\/pages\/15"}],"collection":[{"href":"https:\/\/www.ieep.cz\/en\/wp-json\/wp\/v2\/pages"}],"about":[{"href":"https:\/\/www.ieep.cz\/en\/wp-json\/wp\/v2\/types\/page"}],"author":[{"embeddable":true,"href":"https:\/\/www.ieep.cz\/en\/wp-json\/wp\/v2\/users\/1"}],"replies":[{"embeddable":true,"href":"https:\/\/www.ieep.cz\/en\/wp-json\/wp\/v2\/comments?post=15"}],"version-history":[{"count":35,"href":"https:\/\/www.ieep.cz\/en\/wp-json\/wp\/v2\/pages\/15\/revisions"}],"predecessor-version":[{"id":2266,"href":"https:\/\/www.ieep.cz\/en\/wp-json\/wp\/v2\/pages\/15\/revisions\/2266"}],"wp:attachment":[{"href":"https:\/\/www.ieep.cz\/en\/wp-json\/wp\/v2\/media?parent=15"}],"curies":[{"name":"wp","href":"https:\/\/api.w.org\/{rel}","templated":true}]}}